{"id":38,"date":"2026-02-20T09:05:29","date_gmt":"2026-02-20T09:05:29","guid":{"rendered":"https:\/\/baapkidukaan.com\/informyourselfyouth\/?page_id=38"},"modified":"2026-04-02T03:38:30","modified_gmt":"2026-04-02T03:38:30","slug":"vara-tjanster","status":"publish","type":"page","link":"https:\/\/www.ansaumdigital.com\/demo\/vara-tjanster\/","title":{"rendered":"V\u00e5ra tj\u00e4nster"},"content":{"rendered":"\t\t<div data-elementor-type=\"wp-page\" data-elementor-id=\"38\" class=\"elementor elementor-38\" data-elementor-post-type=\"page\">\n\t\t\t\t\t\t<section class=\"elementor-section elementor-top-section elementor-element elementor-element-37de6a5c elementor-section-full_width elementor-reverse-tablet elementor-reverse-mobile elementor-section-height-default elementor-section-height-default\" data-id=\"37de6a5c\" data-element_type=\"section\" data-e-type=\"section\">\n\t\t\t\t\t\t<div class=\"elementor-container elementor-column-gap-no\">\n\t\t\t\t\t<div class=\"elementor-column elementor-col-50 elementor-top-column elementor-element elementor-element-6846a038\" data-id=\"6846a038\" data-element_type=\"column\" data-e-type=\"column\" data-settings=\"{&quot;background_background&quot;:&quot;classic&quot;}\">\n\t\t\t<div class=\"elementor-widget-wrap elementor-element-populated\">\n\t\t\t\t\t<div class=\"elementor-background-overlay\"><\/div>\n\t\t\t\t\t\t\t<\/div>\n\t\t<\/div>\n\t\t\t\t<div class=\"elementor-column elementor-col-50 elementor-top-column elementor-element elementor-element-48aa344e\" data-id=\"48aa344e\" data-element_type=\"column\" data-e-type=\"column\">\n\t\t\t<div class=\"elementor-widget-wrap elementor-element-populated\">\n\t\t\t\t\t\t<div class=\"elementor-element elementor-element-5e8a111a elementor-widget elementor-widget-heading\" data-id=\"5e8a111a\" data-element_type=\"widget\" data-e-type=\"widget\" data-widget_type=\"heading.default\">\n\t\t\t\t\t<h2 class=\"elementor-heading-title elementor-size-default\">V\u00e5ra tj\u00e4nster\n<\/h2>\t\t\t\t<\/div>\n\t\t\t\t<div class=\"elementor-element elementor-element-f2b3d9b elementor-widget elementor-widget-heading\" data-id=\"f2b3d9b\" data-element_type=\"widget\" data-e-type=\"widget\" data-widget_type=\"heading.default\">\n\t\t\t\t\t<h2 class=\"elementor-heading-title elementor-size-default\">Vad vi kan erbjuda dig \u2013 st\u00e4dservice<\/h2>\t\t\t\t<\/div>\n\t\t\t\t<div class=\"elementor-element elementor-element-46cd8828 elementor-widget elementor-widget-text-editor\" data-id=\"46cd8828\" data-element_type=\"widget\" data-e-type=\"widget\" data-widget_type=\"text-editor.default\">\n\t\t\t\t\t\t\t\t\t<p class=\"p1\">Vi erbjuder professionell hemst\u00e4dning, f\u00f6nsterputsning, storst\u00e4dning, kontorsst\u00e4dning och st\u00e4dservice som frig\u00f6r tid f\u00f6r dig att ta vara b\u00e4ttre p\u00e5 livet och kunna g\u00f6ra mer av det du gillar.<\/p>\t\t\t\t\t\t\t\t<\/div>\n\t\t\t\t\t<\/div>\n\t\t<\/div>\n\t\t\t\t\t<\/div>\n\t\t<\/section>\n\t\t\t\t<section class=\"elementor-section elementor-top-section elementor-element elementor-element-3b850d55 elementor-section-full_width elementor-section-height-default elementor-section-height-default\" data-id=\"3b850d55\" data-element_type=\"section\" data-e-type=\"section\">\n\t\t\t\t\t\t<div class=\"elementor-container elementor-column-gap-no\">\n\t\t\t\t\t<div class=\"elementor-column elementor-col-100 elementor-top-column elementor-element elementor-element-1c2a3aa3\" data-id=\"1c2a3aa3\" data-element_type=\"column\" data-e-type=\"column\">\n\t\t\t<div class=\"elementor-widget-wrap elementor-element-populated\">\n\t\t\t\t\t\t<section class=\"elementor-section elementor-inner-section elementor-element elementor-element-6aaa2ea0 elementor-section-full_width elementor-section-height-default elementor-section-height-default\" data-id=\"6aaa2ea0\" data-element_type=\"section\" data-e-type=\"section\">\n\t\t\t\t\t\t<div class=\"elementor-container elementor-column-gap-no\">\n\t\t\t\t\t<div class=\"elementor-column elementor-col-20 elementor-inner-column elementor-element elementor-element-16e99792\" data-id=\"16e99792\" data-element_type=\"column\" data-e-type=\"column\">\n\t\t\t<div class=\"elementor-widget-wrap elementor-element-populated\">\n\t\t\t\t\t\t<div class=\"elementor-element elementor-element-6d2d026c elementor-widget elementor-widget-image\" data-id=\"6d2d026c\" data-element_type=\"widget\" data-e-type=\"widget\" data-widget_type=\"image.default\">\n\t\t\t\t\t\t\t\t\t\t\t\t\t\t\t\t<a href=\"https:\/\/www.stadcompanyskane.se\/hemstadning\/\">\n\t\t\t\t\t\t\t<img fetchpriority=\"high\" decoding=\"async\" width=\"1920\" height=\"1280\" src=\"https:\/\/www.ansaumdigital.com\/demo\/wp-content\/uploads\/2026\/04\/AdobeStock_297429108-scaled-1.webp\" class=\"elementor-animation-grow attachment-full size-full wp-image-867\" alt=\"\" srcset=\"https:\/\/www.ansaumdigital.com\/demo\/wp-content\/uploads\/2026\/04\/AdobeStock_297429108-scaled-1.webp 1920w, https:\/\/www.ansaumdigital.com\/demo\/wp-content\/uploads\/2026\/04\/AdobeStock_297429108-scaled-1-300x200.webp 300w, https:\/\/www.ansaumdigital.com\/demo\/wp-content\/uploads\/2026\/04\/AdobeStock_297429108-scaled-1-1024x683.webp 1024w, https:\/\/www.ansaumdigital.com\/demo\/wp-content\/uploads\/2026\/04\/AdobeStock_297429108-scaled-1-768x512.webp 768w, https:\/\/www.ansaumdigital.com\/demo\/wp-content\/uploads\/2026\/04\/AdobeStock_297429108-scaled-1-1536x1024.webp 1536w\" sizes=\"(max-width: 1920px) 100vw, 1920px\" \/>\t\t\t\t\t\t\t\t<\/a>\n\t\t\t\t\t\t\t\t\t\t\t\t\t\t\t<\/div>\n\t\t\t\t<div class=\"elementor-element elementor-element-25258e4c elementor-widget elementor-widget-heading\" data-id=\"25258e4c\" data-element_type=\"widget\" data-e-type=\"widget\" data-widget_type=\"heading.default\">\n\t\t\t\t\t<h2 class=\"elementor-heading-title elementor-size-default\">hemst\u00e4dning<\/h2>\t\t\t\t<\/div>\n\t\t\t\t<div class=\"elementor-element elementor-element-508d70b2 elementor-widget elementor-widget-text-editor\" data-id=\"508d70b2\" data-element_type=\"widget\" data-e-type=\"widget\" data-widget_type=\"text-editor.default\">\n\t\t\t\t\t\t\t\t\t<p>V\u00e5rt m\u00e5l \u00e4r att f\u00f6renkla din vardag enligt dina villkor. Du v\u00e4ljer sj\u00e4lv hur ofta och i vilken utstr\u00e4ckning en hemst\u00e4dning ska utf\u00f6ras.<\/p>\t\t\t\t\t\t\t\t<\/div>\n\t\t\t\t\t<\/div>\n\t\t<\/div>\n\t\t\t\t<div class=\"elementor-column elementor-col-20 elementor-inner-column elementor-element elementor-element-5dcb5598\" data-id=\"5dcb5598\" data-element_type=\"column\" data-e-type=\"column\">\n\t\t\t<div class=\"elementor-widget-wrap elementor-element-populated\">\n\t\t\t\t\t\t<div class=\"elementor-element elementor-element-4401c7cb elementor-widget elementor-widget-image\" data-id=\"4401c7cb\" data-element_type=\"widget\" data-e-type=\"widget\" data-widget_type=\"image.default\">\n\t\t\t\t\t\t\t\t\t\t\t\t\t\t\t\t<a href=\"https:\/\/www.stadcompanyskane.se\/hemstadning\/\">\n\t\t\t\t\t\t\t<img decoding=\"async\" width=\"1920\" height=\"1280\" src=\"https:\/\/www.ansaumdigital.com\/demo\/wp-content\/uploads\/2026\/04\/AdobeStock_312026578-scaled-1.webp\" class=\"elementor-animation-grow attachment-full size-full wp-image-868\" alt=\"\" srcset=\"https:\/\/www.ansaumdigital.com\/demo\/wp-content\/uploads\/2026\/04\/AdobeStock_312026578-scaled-1.webp 1920w, https:\/\/www.ansaumdigital.com\/demo\/wp-content\/uploads\/2026\/04\/AdobeStock_312026578-scaled-1-300x200.webp 300w, https:\/\/www.ansaumdigital.com\/demo\/wp-content\/uploads\/2026\/04\/AdobeStock_312026578-scaled-1-1024x683.webp 1024w, https:\/\/www.ansaumdigital.com\/demo\/wp-content\/uploads\/2026\/04\/AdobeStock_312026578-scaled-1-768x512.webp 768w, https:\/\/www.ansaumdigital.com\/demo\/wp-content\/uploads\/2026\/04\/AdobeStock_312026578-scaled-1-1536x1024.webp 1536w\" sizes=\"(max-width: 1920px) 100vw, 1920px\" \/>\t\t\t\t\t\t\t\t<\/a>\n\t\t\t\t\t\t\t\t\t\t\t\t\t\t\t<\/div>\n\t\t\t\t<div class=\"elementor-element elementor-element-19e23fd7 elementor-widget elementor-widget-heading\" data-id=\"19e23fd7\" data-element_type=\"widget\" data-e-type=\"widget\" data-widget_type=\"heading.default\">\n\t\t\t\t\t<h2 class=\"elementor-heading-title elementor-size-default\">storst\u00e4dning<\/h2>\t\t\t\t<\/div>\n\t\t\t\t<div class=\"elementor-element elementor-element-5f2697c6 elementor-widget elementor-widget-text-editor\" data-id=\"5f2697c6\" data-element_type=\"widget\" data-e-type=\"widget\" data-widget_type=\"text-editor.default\">\n\t\t\t\t\t\t\t\t\t<p>Alla hem beh\u00f6ver en grundlig storst\u00e4dning med j\u00e4mna mellanrum, men det finns inte alltid tid \u00f6ver f\u00f6r att g\u00f6ra detta sj\u00e4lv. Vi erbjuder professionell st\u00e4dservice f\u00f6r att underl\u00e4tta f\u00f6r dig.<\/p>\t\t\t\t\t\t\t\t<\/div>\n\t\t\t\t\t<\/div>\n\t\t<\/div>\n\t\t\t\t<div class=\"elementor-column elementor-col-20 elementor-inner-column elementor-element elementor-element-446d711c\" data-id=\"446d711c\" data-element_type=\"column\" data-e-type=\"column\">\n\t\t\t<div class=\"elementor-widget-wrap elementor-element-populated\">\n\t\t\t\t\t\t<div class=\"elementor-element elementor-element-79cbe325 elementor-widget elementor-widget-image\" data-id=\"79cbe325\" data-element_type=\"widget\" data-e-type=\"widget\" data-widget_type=\"image.default\">\n\t\t\t\t\t\t\t\t\t\t\t\t\t\t\t\t<a href=\"https:\/\/www.stadcompanyskane.se\/hemstadning\/\">\n\t\t\t\t\t\t\t<img decoding=\"async\" width=\"1920\" height=\"1275\" src=\"https:\/\/www.ansaumdigital.com\/demo\/wp-content\/uploads\/2026\/04\/erda-estremera-sxNt9g77PE0-unsplash-scaled-1.webp\" class=\"elementor-animation-grow attachment-full size-full wp-image-869\" alt=\"\" srcset=\"https:\/\/www.ansaumdigital.com\/demo\/wp-content\/uploads\/2026\/04\/erda-estremera-sxNt9g77PE0-unsplash-scaled-1.webp 1920w, https:\/\/www.ansaumdigital.com\/demo\/wp-content\/uploads\/2026\/04\/erda-estremera-sxNt9g77PE0-unsplash-scaled-1-300x199.webp 300w, https:\/\/www.ansaumdigital.com\/demo\/wp-content\/uploads\/2026\/04\/erda-estremera-sxNt9g77PE0-unsplash-scaled-1-1024x680.webp 1024w, https:\/\/www.ansaumdigital.com\/demo\/wp-content\/uploads\/2026\/04\/erda-estremera-sxNt9g77PE0-unsplash-scaled-1-768x510.webp 768w, https:\/\/www.ansaumdigital.com\/demo\/wp-content\/uploads\/2026\/04\/erda-estremera-sxNt9g77PE0-unsplash-scaled-1-1536x1020.webp 1536w\" sizes=\"(max-width: 1920px) 100vw, 1920px\" \/>\t\t\t\t\t\t\t\t<\/a>\n\t\t\t\t\t\t\t\t\t\t\t\t\t\t\t<\/div>\n\t\t\t\t<div class=\"elementor-element elementor-element-613d2aa5 elementor-widget elementor-widget-heading\" data-id=\"613d2aa5\" data-element_type=\"widget\" data-e-type=\"widget\" data-widget_type=\"heading.default\">\n\t\t\t\t\t<h2 class=\"elementor-heading-title elementor-size-default\">Flyttst\u00e4dning<\/h2>\t\t\t\t<\/div>\n\t\t\t\t<div class=\"elementor-element elementor-element-5bad5abf elementor-widget elementor-widget-text-editor\" data-id=\"5bad5abf\" data-element_type=\"widget\" data-e-type=\"widget\" data-widget_type=\"text-editor.default\">\n\t\t\t\t\t\t\t\t\t<p>Flyttst\u00e4dning omfattar en total st\u00e4dning av gamla bostaden efter att den t\u00f6mts p\u00e5 m\u00f6bler och andra f\u00f6rn\u00f6denheter.\u00a0<\/p>\t\t\t\t\t\t\t\t<\/div>\n\t\t\t\t\t<\/div>\n\t\t<\/div>\n\t\t\t\t<div class=\"elementor-column elementor-col-20 elementor-inner-column elementor-element elementor-element-20f05347\" data-id=\"20f05347\" data-element_type=\"column\" data-e-type=\"column\">\n\t\t\t<div class=\"elementor-widget-wrap elementor-element-populated\">\n\t\t\t\t\t\t<div class=\"elementor-element elementor-element-3b8e61db elementor-widget elementor-widget-image\" data-id=\"3b8e61db\" data-element_type=\"widget\" data-e-type=\"widget\" data-widget_type=\"image.default\">\n\t\t\t\t\t\t\t\t\t\t\t\t\t\t\t\t<a href=\"https:\/\/www.stadcompanyskane.se\/hemstadning\/\">\n\t\t\t\t\t\t\t<img loading=\"lazy\" decoding=\"async\" width=\"1920\" height=\"1280\" src=\"https:\/\/www.ansaumdigital.com\/demo\/wp-content\/uploads\/2026\/04\/AdobeStock_318399588.webp\" class=\"elementor-animation-grow attachment-full size-full wp-image-870\" alt=\"\" srcset=\"https:\/\/www.ansaumdigital.com\/demo\/wp-content\/uploads\/2026\/04\/AdobeStock_318399588.webp 1920w, https:\/\/www.ansaumdigital.com\/demo\/wp-content\/uploads\/2026\/04\/AdobeStock_318399588-300x200.webp 300w, https:\/\/www.ansaumdigital.com\/demo\/wp-content\/uploads\/2026\/04\/AdobeStock_318399588-1024x683.webp 1024w, https:\/\/www.ansaumdigital.com\/demo\/wp-content\/uploads\/2026\/04\/AdobeStock_318399588-768x512.webp 768w, https:\/\/www.ansaumdigital.com\/demo\/wp-content\/uploads\/2026\/04\/AdobeStock_318399588-1536x1024.webp 1536w\" sizes=\"(max-width: 1920px) 100vw, 1920px\" \/>\t\t\t\t\t\t\t\t<\/a>\n\t\t\t\t\t\t\t\t\t\t\t\t\t\t\t<\/div>\n\t\t\t\t<div class=\"elementor-element elementor-element-5c43bb98 elementor-widget elementor-widget-heading\" data-id=\"5c43bb98\" data-element_type=\"widget\" data-e-type=\"widget\" data-widget_type=\"heading.default\">\n\t\t\t\t\t<h2 class=\"elementor-heading-title elementor-size-default\">F\u00f6nsterputsning<\/h2>\t\t\t\t<\/div>\n\t\t\t\t<div class=\"elementor-element elementor-element-34ddd51e elementor-widget elementor-widget-text-editor\" data-id=\"34ddd51e\" data-element_type=\"widget\" data-e-type=\"widget\" data-widget_type=\"text-editor.default\">\n\t\t\t\t\t\t\t\t\t<p>V\u00e5ra f\u00f6nsterexperter g\u00f6r dina f\u00f6nster gnistrande rena med professionell st\u00e4dservice. Snyggt och prydligt, utan r\u00e4nder eller spill \u2014 och det g\u00e5r snabbt!<\/p>\t\t\t\t\t\t\t\t<\/div>\n\t\t\t\t\t<\/div>\n\t\t<\/div>\n\t\t\t\t<div class=\"elementor-column elementor-col-20 elementor-inner-column elementor-element elementor-element-2e1c9d3f\" data-id=\"2e1c9d3f\" data-element_type=\"column\" data-e-type=\"column\">\n\t\t\t<div class=\"elementor-widget-wrap elementor-element-populated\">\n\t\t\t\t\t\t<div class=\"elementor-element elementor-element-7464bd5a elementor-widget elementor-widget-image\" data-id=\"7464bd5a\" data-element_type=\"widget\" data-e-type=\"widget\" data-widget_type=\"image.default\">\n\t\t\t\t\t\t\t\t\t\t\t\t\t\t\t\t<a href=\"https:\/\/www.stadcompanyskane.se\/hemstadning\/\">\n\t\t\t\t\t\t\t<img loading=\"lazy\" decoding=\"async\" width=\"1920\" height=\"1280\" src=\"https:\/\/www.ansaumdigital.com\/demo\/wp-content\/uploads\/2026\/04\/AdobeStock_356069334-scaled-1.webp\" class=\"elementor-animation-grow attachment-full size-full wp-image-871\" alt=\"\" srcset=\"https:\/\/www.ansaumdigital.com\/demo\/wp-content\/uploads\/2026\/04\/AdobeStock_356069334-scaled-1.webp 1920w, https:\/\/www.ansaumdigital.com\/demo\/wp-content\/uploads\/2026\/04\/AdobeStock_356069334-scaled-1-300x200.webp 300w, https:\/\/www.ansaumdigital.com\/demo\/wp-content\/uploads\/2026\/04\/AdobeStock_356069334-scaled-1-1024x683.webp 1024w, https:\/\/www.ansaumdigital.com\/demo\/wp-content\/uploads\/2026\/04\/AdobeStock_356069334-scaled-1-768x512.webp 768w, https:\/\/www.ansaumdigital.com\/demo\/wp-content\/uploads\/2026\/04\/AdobeStock_356069334-scaled-1-1536x1024.webp 1536w\" sizes=\"(max-width: 1920px) 100vw, 1920px\" \/>\t\t\t\t\t\t\t\t<\/a>\n\t\t\t\t\t\t\t\t\t\t\t\t\t\t\t<\/div>\n\t\t\t\t<div class=\"elementor-element elementor-element-5d8fc168 elementor-widget elementor-widget-heading\" data-id=\"5d8fc168\" data-element_type=\"widget\" data-e-type=\"widget\" data-widget_type=\"heading.default\">\n\t\t\t\t\t<h2 class=\"elementor-heading-title elementor-size-default\">Kontorsst\u00e4dning<\/h2>\t\t\t\t<\/div>\n\t\t\t\t<div class=\"elementor-element elementor-element-12342a36 elementor-widget elementor-widget-text-editor\" data-id=\"12342a36\" data-element_type=\"widget\" data-e-type=\"widget\" data-widget_type=\"text-editor.default\">\n\t\t\t\t\t\t\t\t\t<p>Att ha ett rent och fr\u00e4scht kontor \u00e4r av stor betydelse b\u00e5de f\u00f6r anst\u00e4llda och f\u00f6retagets bes\u00f6kare. Vi hj\u00e4lper ert f\u00f6retag!<\/p>\t\t\t\t\t\t\t\t<\/div>\n\t\t\t\t\t<\/div>\n\t\t<\/div>\n\t\t\t\t\t<\/div>\n\t\t<\/section>\n\t\t\t\t<div class=\"elementor-element elementor-element-64aed1a0 elementor-mobile-align-center elementor-align-center elementor-widget elementor-widget-button\" data-id=\"64aed1a0\" data-element_type=\"widget\" data-e-type=\"widget\" data-widget_type=\"button.default\">\n\t\t\t\t\t\t\t\t\t\t<a class=\"elementor-button elementor-button-link elementor-size-sm\" href=\"https:\/\/beltin.se\/offert\/\">\n\t\t\t\t\t\t<span class=\"elementor-button-content-wrapper\">\n\t\t\t\t\t\t\t\t\t<span class=\"elementor-button-text\">F\u00e5 en kostnadsfri offert<\/span>\n\t\t\t\t\t<\/span>\n\t\t\t\t\t<\/a>\n\t\t\t\t\t\t\t\t<\/div>\n\t\t\t\t\t<\/div>\n\t\t<\/div>\n\t\t\t\t\t<\/div>\n\t\t<\/section>\n\t\t\t\t<section class=\"elementor-section elementor-top-section elementor-element elementor-element-21348a59 elementor-section-full_width elementor-section-height-default elementor-section-height-default\" data-id=\"21348a59\" data-element_type=\"section\" data-e-type=\"section\" data-settings=\"{&quot;background_background&quot;:&quot;classic&quot;}\">\n\t\t\t\t\t\t\t<div class=\"elementor-background-overlay\"><\/div>\n\t\t\t\t\t\t\t<div class=\"elementor-container elementor-column-gap-no\">\n\t\t\t\t\t<div class=\"elementor-column elementor-col-50 elementor-top-column elementor-element elementor-element-673f611\" data-id=\"673f611\" data-element_type=\"column\" data-e-type=\"column\">\n\t\t\t<div class=\"elementor-widget-wrap elementor-element-populated\">\n\t\t\t\t\t\t<div class=\"elementor-element elementor-element-3c90dce elementor-widget elementor-widget-heading\" data-id=\"3c90dce\" data-element_type=\"widget\" data-e-type=\"widget\" data-widget_type=\"heading.default\">\n\t\t\t\t\t<h2 class=\"elementor-heading-title elementor-size-default\">Boka m\u00f6te med oss.\n<\/h2>\t\t\t\t<\/div>\n\t\t\t\t<div class=\"elementor-element elementor-element-1026702 elementor-widget elementor-widget-heading\" data-id=\"1026702\" data-element_type=\"widget\" data-e-type=\"widget\" data-widget_type=\"heading.default\">\n\t\t\t\t\t<h2 class=\"elementor-heading-title elementor-size-default\">Kvalitetsst\u00e4dservice.<br>Det \u00e4r du v\u00e4rd!\n<\/h2>\t\t\t\t<\/div>\n\t\t\t\t<div class=\"elementor-element elementor-element-4ec4b4b7 elementor-mobile-align-center elementor-align-left elementor-widget elementor-widget-button\" data-id=\"4ec4b4b7\" data-element_type=\"widget\" data-e-type=\"widget\" data-widget_type=\"button.default\">\n\t\t\t\t\t\t\t\t\t\t<a class=\"elementor-button elementor-button-link elementor-size-sm\" href=\"https:\/\/beltin.se\/offert\/\">\n\t\t\t\t\t\t<span class=\"elementor-button-content-wrapper\">\n\t\t\t\t\t\t\t\t\t<span class=\"elementor-button-text\">Jag vill ha en prisuppskattning!<\/span>\n\t\t\t\t\t<\/span>\n\t\t\t\t\t<\/a>\n\t\t\t\t\t\t\t\t<\/div>\n\t\t\t\t\t<\/div>\n\t\t<\/div>\n\t\t\t\t<div class=\"elementor-column elementor-col-50 elementor-top-column elementor-element elementor-element-2ff48a4c\" data-id=\"2ff48a4c\" data-element_type=\"column\" data-e-type=\"column\">\n\t\t\t<div class=\"elementor-widget-wrap\">\n\t\t\t\t\t\t\t<\/div>\n\t\t<\/div>\n\t\t\t\t\t<\/div>\n\t\t<\/section>\n\t\t\t\t<\/div>\n\t\t","protected":false},"excerpt":{"rendered":"<p>V\u00e5ra tj\u00e4nster Vad vi kan erbjuda dig \u2013 st\u00e4dservice Vi erbjuder professionell hemst\u00e4dning, f\u00f6nsterputsning, storst\u00e4dning, kontorsst\u00e4dning och st\u00e4dservice som frig\u00f6r [&hellip;]<\/p>\n","protected":false},"author":1,"featured_media":0,"parent":0,"menu_order":0,"comment_status":"closed","ping_status":"closed","template":"elementor_header_footer","meta":{"site-sidebar-layout":"no-sidebar","site-content-layout":"","ast-site-content-layout":"full-width-container","site-content-style":"default","site-sidebar-style":"default","ast-global-header-display":"","ast-banner-title-visibility":"","ast-main-header-display":"","ast-hfb-above-header-display":"","ast-hfb-below-header-display":"","ast-hfb-mobile-header-display":"","site-post-title":"","ast-breadcrumbs-content":"","ast-featured-img":"disabled","footer-sml-layout":"","ast-disable-related-posts":"","theme-transparent-header-meta":"","adv-header-id-meta":"","stick-header-meta":"","header-above-stick-meta":"","header-main-stick-meta":"","header-below-stick-meta":"","astra-migrate-meta-layouts":"default","ast-page-background-enabled":"default","ast-page-background-meta":{"desktop":{"background-color":"var(--ast-global-color-5)","background-image":"","background-repeat":"repeat","background-position":"center center","background-size":"auto","background-attachment":"scroll","background-type":"","background-media":"","overlay-type":"","overlay-color":"","overlay-opacity":"","overlay-gradient":""},"tablet":{"background-color":"","background-image":"","background-repeat":"repeat","background-position":"center center","background-size":"auto","background-attachment":"scroll","background-type":"","background-media":"","overlay-type":"","overlay-color":"","overlay-opacity":"","overlay-gradient":""},"mobile":{"background-color":"","background-image":"","background-repeat":"repeat","background-position":"center center","background-size":"auto","background-attachment":"scroll","background-type":"","background-media":"","overlay-type":"","overlay-color":"","overlay-opacity":"","overlay-gradient":""}},"ast-content-background-meta":{"desktop":{"background-color":"var(--ast-global-color-4)","background-image":"","background-repeat":"repeat","background-position":"center center","background-size":"auto","background-attachment":"scroll","background-type":"","background-media":"","overlay-type":"","overlay-color":"","overlay-opacity":"","overlay-gradient":""},"tablet":{"background-color":"var(--ast-global-color-4)","background-image":"","background-repeat":"repeat","background-position":"center center","background-size":"auto","background-attachment":"scroll","background-type":"","background-media":"","overlay-type":"","overlay-color":"","overlay-opacity":"","overlay-gradient":""},"mobile":{"background-color":"var(--ast-global-color-4)","background-image":"","background-repeat":"repeat","background-position":"center center","background-size":"auto","background-attachment":"scroll","background-type":"","background-media":"","overlay-type":"","overlay-color":"","overlay-opacity":"","overlay-gradient":""}},"footnotes":""},"class_list":["post-38","page","type-page","status-publish","hentry"],"_links":{"self":[{"href":"https:\/\/www.ansaumdigital.com\/demo\/wp-json\/wp\/v2\/pages\/38","targetHints":{"allow":["GET"]}}],"collection":[{"href":"https:\/\/www.ansaumdigital.com\/demo\/wp-json\/wp\/v2\/pages"}],"about":[{"href":"https:\/\/www.ansaumdigital.com\/demo\/wp-json\/wp\/v2\/types\/page"}],"author":[{"embeddable":true,"href":"https:\/\/www.ansaumdigital.com\/demo\/wp-json\/wp\/v2\/users\/1"}],"replies":[{"embeddable":true,"href":"https:\/\/www.ansaumdigital.com\/demo\/wp-json\/wp\/v2\/comments?post=38"}],"version-history":[{"count":17,"href":"https:\/\/www.ansaumdigital.com\/demo\/wp-json\/wp\/v2\/pages\/38\/revisions"}],"predecessor-version":[{"id":881,"href":"https:\/\/www.ansaumdigital.com\/demo\/wp-json\/wp\/v2\/pages\/38\/revisions\/881"}],"wp:attachment":[{"href":"https:\/\/www.ansaumdigital.com\/demo\/wp-json\/wp\/v2\/media?parent=38"}],"curies":[{"name":"wp","href":"https:\/\/api.w.org\/{rel}","templated":true}]}}